{"id":278,"date":"2025-02-11T13:51:30","date_gmt":"2025-02-11T13:51:30","guid":{"rendered":"https:\/\/alado.com.pe\/?page_id=278"},"modified":"2025-11-26T15:09:53","modified_gmt":"2025-11-26T15:09:53","slug":"carta","status":"publish","type":"page","link":"https:\/\/alado.com.pe\/en\/carta\/","title":{"rendered":"Carta"},"content":{"rendered":"","protected":false},"excerpt":{"rendered":"","protected":false},"author":1,"featured_media":0,"parent":0,"menu_order":0,"comment_status":"closed","ping_status":"closed","template":"","meta":[],"class_list":["post-278","page","type-page","status-publish","hentry"],"yoast_head":"<!-- This site is optimized with the Yoast SEO plugin v26.9 - https:\/\/yoast.com\/product\/yoast-seo-wordpress\/ -->\n<title>Carta de Alado - Sabores a la Brasa y Ahumado<\/title>\n<meta name=\"description\" content=\"Explora la carta de Alado con entradas, fondos, cortes a la parrilla y postres. Cocina contempor\u00e1nea con brasa y ahumado, sabores \u00fanicos en cada plato.\" \/>\n<meta name=\"robots\" content=\"index, follow, max-snippet:-1, max-image-preview:large, max-video-preview:-1\" \/>\n<link rel=\"canonical\" href=\"https:\/\/alado.com.pe\/en\/carta\/\" \/>\n<meta property=\"og:locale\" content=\"en_US\" \/>\n<meta property=\"og:type\" content=\"article\" \/>\n<meta property=\"og:title\" content=\"Descubre la Carta de Alado - Sabores a la Brasa y Ahumado \ud83d\udd25\" \/>\n<meta property=\"og:description\" content=\"Explora la carta de Alado con platos \u00fanicos de cocina contempor\u00e1nea. Desde entradas hasta postres, cada bocado est\u00e1 lleno de sabor y calidad.\" \/>\n<meta property=\"og:url\" content=\"https:\/\/alado.com.pe\/en\/carta\/\" \/>\n<meta property=\"og:site_name\" content=\"Alado - Restaurante y Bar\" \/>\n<meta property=\"article:modified_time\" content=\"2025-11-26T15:09:53+00:00\" \/>\n<meta property=\"og:image\" content=\"https:\/\/alado.com.pe\/wp-content\/uploads\/2025\/02\/banner-carta-v1.webp\" \/>\n\t<meta property=\"og:image:width\" content=\"1920\" \/>\n\t<meta property=\"og:image:height\" content=\"1283\" \/>\n\t<meta property=\"og:image:type\" content=\"image\/webp\" \/>\n<meta name=\"twitter:card\" content=\"summary_large_image\" \/>\n<meta name=\"twitter:title\" content=\"Descubre la Carta de Alado - Sabores a la Brasa y Ahumado \ud83d\udd25\" \/>\n<meta name=\"twitter:description\" content=\"Explora la carta de Alado con platos \u00fanicos de cocina contempor\u00e1nea. Desde entradas hasta postres, cada bocado est\u00e1 lleno de sabor y calidad.\" \/>\n<meta name=\"twitter:image\" content=\"https:\/\/alado.com.pe\/wp-content\/uploads\/2025\/02\/banner-carta-v1.webp\" \/>\n<meta name=\"twitter:label1\" content=\"Est. reading time\" \/>\n\t<meta name=\"twitter:data1\" content=\"3 minutes\" \/>\n<script type=\"application\/ld+json\" class=\"yoast-schema-graph\">{\"@context\":\"https:\/\/schema.org\",\"@graph\":[{\"@type\":\"WebPage\",\"@id\":\"https:\/\/alado.com.pe\/carta\/\",\"url\":\"https:\/\/alado.com.pe\/carta\/\",\"name\":\"Carta de Alado - Sabores a la Brasa y Ahumado\",\"isPartOf\":{\"@id\":\"https:\/\/alado.com.pe\/#website\"},\"datePublished\":\"2025-02-11T13:51:30+00:00\",\"dateModified\":\"2025-11-26T15:09:53+00:00\",\"description\":\"Explora la carta de Alado con entradas, fondos, cortes a la parrilla y postres. Cocina contempor\u00e1nea con brasa y ahumado, sabores \u00fanicos en cada plato.\",\"breadcrumb\":{\"@id\":\"https:\/\/alado.com.pe\/carta\/#breadcrumb\"},\"inLanguage\":\"en-US\",\"potentialAction\":[{\"@type\":\"ReadAction\",\"target\":[\"https:\/\/alado.com.pe\/carta\/\"]}]},{\"@type\":\"BreadcrumbList\",\"@id\":\"https:\/\/alado.com.pe\/carta\/#breadcrumb\",\"itemListElement\":[{\"@type\":\"ListItem\",\"position\":1,\"name\":\"Portada\",\"item\":\"https:\/\/alado.com.pe\/\"},{\"@type\":\"ListItem\",\"position\":2,\"name\":\"Carta\"}]},{\"@type\":\"WebSite\",\"@id\":\"https:\/\/alado.com.pe\/#website\",\"url\":\"https:\/\/alado.com.pe\/\",\"name\":\"Alado - Restaurante y Bar\",\"description\":\"Alado es un restaurante que ofrece una variedad de entradas, fondos, postres y bebidas inspiradas en la gastronom\u00eda peruana y mundial. Disfruta de la calidad, el sabor y la presentaci\u00f3n de sus platos en un ambiente acogedor y elegante.\",\"potentialAction\":[{\"@type\":\"SearchAction\",\"target\":{\"@type\":\"EntryPoint\",\"urlTemplate\":\"https:\/\/alado.com.pe\/?s={search_term_string}\"},\"query-input\":{\"@type\":\"PropertyValueSpecification\",\"valueRequired\":true,\"valueName\":\"search_term_string\"}}],\"inLanguage\":\"en-US\"}]}<\/script>\n<!-- \/ Yoast SEO plugin. -->","yoast_head_json":{"title":"Carta de Alado - Sabores a la Brasa y Ahumado","description":"Explora la carta de Alado con entradas, fondos, cortes a la parrilla y postres. Cocina contempor\u00e1nea con brasa y ahumado, sabores \u00fanicos en cada plato.","robots":{"index":"index","follow":"follow","max-snippet":"max-snippet:-1","max-image-preview":"max-image-preview:large","max-video-preview":"max-video-preview:-1"},"canonical":"https:\/\/alado.com.pe\/en\/carta\/","og_locale":"en_US","og_type":"article","og_title":"Descubre la Carta de Alado - Sabores a la Brasa y Ahumado \ud83d\udd25","og_description":"Explora la carta de Alado con platos \u00fanicos de cocina contempor\u00e1nea. Desde entradas hasta postres, cada bocado est\u00e1 lleno de sabor y calidad.","og_url":"https:\/\/alado.com.pe\/en\/carta\/","og_site_name":"Alado - Restaurante y Bar","article_modified_time":"2025-11-26T15:09:53+00:00","og_image":[{"width":1920,"height":1283,"url":"https:\/\/alado.com.pe\/wp-content\/uploads\/2025\/02\/banner-carta-v1.webp","type":"image\/webp"}],"twitter_card":"summary_large_image","twitter_title":"Descubre la Carta de Alado - Sabores a la Brasa y Ahumado \ud83d\udd25","twitter_description":"Explora la carta de Alado con platos \u00fanicos de cocina contempor\u00e1nea. Desde entradas hasta postres, cada bocado est\u00e1 lleno de sabor y calidad.","twitter_image":"https:\/\/alado.com.pe\/wp-content\/uploads\/2025\/02\/banner-carta-v1.webp","twitter_misc":{"Est. reading time":"3 minutes"},"schema":{"@context":"https:\/\/schema.org","@graph":[{"@type":"WebPage","@id":"https:\/\/alado.com.pe\/carta\/","url":"https:\/\/alado.com.pe\/carta\/","name":"Carta de Alado - Sabores a la Brasa y Ahumado","isPartOf":{"@id":"https:\/\/alado.com.pe\/#website"},"datePublished":"2025-02-11T13:51:30+00:00","dateModified":"2025-11-26T15:09:53+00:00","description":"Explora la carta de Alado con entradas, fondos, cortes a la parrilla y postres. Cocina contempor\u00e1nea con brasa y ahumado, sabores \u00fanicos en cada plato.","breadcrumb":{"@id":"https:\/\/alado.com.pe\/carta\/#breadcrumb"},"inLanguage":"en-US","potentialAction":[{"@type":"ReadAction","target":["https:\/\/alado.com.pe\/carta\/"]}]},{"@type":"BreadcrumbList","@id":"https:\/\/alado.com.pe\/carta\/#breadcrumb","itemListElement":[{"@type":"ListItem","position":1,"name":"Portada","item":"https:\/\/alado.com.pe\/"},{"@type":"ListItem","position":2,"name":"Carta"}]},{"@type":"WebSite","@id":"https:\/\/alado.com.pe\/#website","url":"https:\/\/alado.com.pe\/","name":"Alado - Restaurante y Bar","description":"Alado es un restaurante que ofrece una variedad de entradas, fondos, postres y bebidas inspiradas en la gastronom\u00eda peruana y mundial. Disfruta de la calidad, el sabor y la presentaci\u00f3n de sus platos en un ambiente acogedor y elegante.","potentialAction":[{"@type":"SearchAction","target":{"@type":"EntryPoint","urlTemplate":"https:\/\/alado.com.pe\/?s={search_term_string}"},"query-input":{"@type":"PropertyValueSpecification","valueRequired":true,"valueName":"search_term_string"}}],"inLanguage":"en-US"}]}},"_links":{"self":[{"href":"https:\/\/alado.com.pe\/en\/wp-json\/wp\/v2\/pages\/278","targetHints":{"allow":["GET"]}}],"collection":[{"href":"https:\/\/alado.com.pe\/en\/wp-json\/wp\/v2\/pages"}],"about":[{"href":"https:\/\/alado.com.pe\/en\/wp-json\/wp\/v2\/types\/page"}],"author":[{"embeddable":true,"href":"https:\/\/alado.com.pe\/en\/wp-json\/wp\/v2\/users\/1"}],"replies":[{"embeddable":true,"href":"https:\/\/alado.com.pe\/en\/wp-json\/wp\/v2\/comments?post=278"}],"version-history":[{"count":65,"href":"https:\/\/alado.com.pe\/en\/wp-json\/wp\/v2\/pages\/278\/revisions"}],"predecessor-version":[{"id":919,"href":"https:\/\/alado.com.pe\/en\/wp-json\/wp\/v2\/pages\/278\/revisions\/919"}],"wp:attachment":[{"href":"https:\/\/alado.com.pe\/en\/wp-json\/wp\/v2\/media?parent=278"}],"curies":[{"name":"wp","href":"https:\/\/api.w.org\/{rel}","templated":true}]}}