{"id":386,"date":"2025-02-11T16:16:45","date_gmt":"2025-02-11T16:16:45","guid":{"rendered":"https:\/\/alado.com.pe\/?page_id=386"},"modified":"2025-02-23T19:04:37","modified_gmt":"2025-02-23T19:04:37","slug":"james-berckemeyer","status":"publish","type":"page","link":"https:\/\/alado.com.pe\/en\/james-berckemeyer\/","title":{"rendered":"James Berckemeyer"},"content":{"rendered":"","protected":false},"excerpt":{"rendered":"","protected":false},"author":1,"featured_media":0,"parent":0,"menu_order":0,"comment_status":"closed","ping_status":"closed","template":"","meta":[],"class_list":["post-386","page","type-page","status-publish","hentry"],"yoast_head":"<!-- This site is optimized with the Yoast SEO plugin v26.9 - https:\/\/yoast.com\/product\/yoast-seo-wordpress\/ -->\n<title>\u00bfQui\u00e9n es James Berckemeyer? Chef y Creador de Alado<\/title>\n<meta name=\"description\" content=\"Descubre la trayectoria de James Berckemeyer, chef, empresario y creador de Alado. M\u00e1s de 20 a\u00f1os de experiencia en gastronom\u00eda y cocteler\u00eda contempor\u00e1nea.\" \/>\n<meta name=\"robots\" content=\"index, follow, max-snippet:-1, max-image-preview:large, max-video-preview:-1\" \/>\n<link rel=\"canonical\" href=\"https:\/\/alado.com.pe\/en\/james-berckemeyer\/\" \/>\n<meta property=\"og:locale\" content=\"en_US\" \/>\n<meta property=\"og:type\" content=\"article\" \/>\n<meta property=\"og:title\" content=\"James Berckemeyer - Chef y Creador de Alado\" \/>\n<meta property=\"og:description\" content=\"Conoce a James Berckemeyer, chef y empresario con m\u00e1s de 20 a\u00f1os de trayectoria. Su pasi\u00f3n por la gastronom\u00eda cobra vida en Alado Restaurante y Bar.\" \/>\n<meta property=\"og:url\" content=\"https:\/\/alado.com.pe\/en\/james-berckemeyer\/\" \/>\n<meta property=\"og:site_name\" content=\"Alado - Restaurante y Bar\" \/>\n<meta property=\"article:modified_time\" content=\"2025-02-23T19:04:37+00:00\" \/>\n<meta property=\"og:image\" content=\"https:\/\/alado.com.pe\/wp-content\/uploads\/2025\/02\/james-berckemeyer-page-banner-v1.webp\" \/>\n\t<meta property=\"og:image:width\" content=\"1920\" \/>\n\t<meta property=\"og:image:height\" content=\"916\" \/>\n\t<meta property=\"og:image:type\" content=\"image\/webp\" \/>\n<meta name=\"twitter:card\" content=\"summary_large_image\" \/>\n<meta name=\"twitter:title\" content=\"James Berckemeyer - Chef y Creador de Alado\" \/>\n<meta name=\"twitter:description\" content=\"Conoce a James Berckemeyer, chef y empresario con m\u00e1s de 20 a\u00f1os de trayectoria. Su pasi\u00f3n por la gastronom\u00eda cobra vida en Alado Restaurante y Bar.\" \/>\n<meta name=\"twitter:image\" content=\"https:\/\/alado.com.pe\/wp-content\/uploads\/2025\/02\/james-berckemeyer-page-banner-v1.webp\" \/>\n<meta name=\"twitter:label1\" content=\"Est. reading time\" \/>\n\t<meta name=\"twitter:data1\" content=\"1 minute\" \/>\n<script type=\"application\/ld+json\" class=\"yoast-schema-graph\">{\"@context\":\"https:\/\/schema.org\",\"@graph\":[{\"@type\":\"WebPage\",\"@id\":\"https:\/\/alado.com.pe\/james-berckemeyer\/\",\"url\":\"https:\/\/alado.com.pe\/james-berckemeyer\/\",\"name\":\"\u00bfQui\u00e9n es James Berckemeyer? Chef y Creador de Alado\",\"isPartOf\":{\"@id\":\"https:\/\/alado.com.pe\/#website\"},\"datePublished\":\"2025-02-11T16:16:45+00:00\",\"dateModified\":\"2025-02-23T19:04:37+00:00\",\"description\":\"Descubre la trayectoria de James Berckemeyer, chef, empresario y creador de Alado. M\u00e1s de 20 a\u00f1os de experiencia en gastronom\u00eda y cocteler\u00eda contempor\u00e1nea.\",\"breadcrumb\":{\"@id\":\"https:\/\/alado.com.pe\/james-berckemeyer\/#breadcrumb\"},\"inLanguage\":\"en-US\",\"potentialAction\":[{\"@type\":\"ReadAction\",\"target\":[\"https:\/\/alado.com.pe\/james-berckemeyer\/\"]}]},{\"@type\":\"BreadcrumbList\",\"@id\":\"https:\/\/alado.com.pe\/james-berckemeyer\/#breadcrumb\",\"itemListElement\":[{\"@type\":\"ListItem\",\"position\":1,\"name\":\"Portada\",\"item\":\"https:\/\/alado.com.pe\/\"},{\"@type\":\"ListItem\",\"position\":2,\"name\":\"James Berckemeyer\"}]},{\"@type\":\"WebSite\",\"@id\":\"https:\/\/alado.com.pe\/#website\",\"url\":\"https:\/\/alado.com.pe\/\",\"name\":\"Alado - Restaurante y Bar\",\"description\":\"Alado es un restaurante que ofrece una variedad de entradas, fondos, postres y bebidas inspiradas en la gastronom\u00eda peruana y mundial. Disfruta de la calidad, el sabor y la presentaci\u00f3n de sus platos en un ambiente acogedor y elegante.\",\"potentialAction\":[{\"@type\":\"SearchAction\",\"target\":{\"@type\":\"EntryPoint\",\"urlTemplate\":\"https:\/\/alado.com.pe\/?s={search_term_string}\"},\"query-input\":{\"@type\":\"PropertyValueSpecification\",\"valueRequired\":true,\"valueName\":\"search_term_string\"}}],\"inLanguage\":\"en-US\"}]}<\/script>\n<!-- \/ Yoast SEO plugin. -->","yoast_head_json":{"title":"\u00bfQui\u00e9n es James Berckemeyer? Chef y Creador de Alado","description":"Descubre la trayectoria de James Berckemeyer, chef, empresario y creador de Alado. M\u00e1s de 20 a\u00f1os de experiencia en gastronom\u00eda y cocteler\u00eda contempor\u00e1nea.","robots":{"index":"index","follow":"follow","max-snippet":"max-snippet:-1","max-image-preview":"max-image-preview:large","max-video-preview":"max-video-preview:-1"},"canonical":"https:\/\/alado.com.pe\/en\/james-berckemeyer\/","og_locale":"en_US","og_type":"article","og_title":"James Berckemeyer - Chef y Creador de Alado","og_description":"Conoce a James Berckemeyer, chef y empresario con m\u00e1s de 20 a\u00f1os de trayectoria. Su pasi\u00f3n por la gastronom\u00eda cobra vida en Alado Restaurante y Bar.","og_url":"https:\/\/alado.com.pe\/en\/james-berckemeyer\/","og_site_name":"Alado - Restaurante y Bar","article_modified_time":"2025-02-23T19:04:37+00:00","og_image":[{"width":1920,"height":916,"url":"https:\/\/alado.com.pe\/wp-content\/uploads\/2025\/02\/james-berckemeyer-page-banner-v1.webp","type":"image\/webp"}],"twitter_card":"summary_large_image","twitter_title":"James Berckemeyer - Chef y Creador de Alado","twitter_description":"Conoce a James Berckemeyer, chef y empresario con m\u00e1s de 20 a\u00f1os de trayectoria. Su pasi\u00f3n por la gastronom\u00eda cobra vida en Alado Restaurante y Bar.","twitter_image":"https:\/\/alado.com.pe\/wp-content\/uploads\/2025\/02\/james-berckemeyer-page-banner-v1.webp","twitter_misc":{"Est. reading time":"1 minute"},"schema":{"@context":"https:\/\/schema.org","@graph":[{"@type":"WebPage","@id":"https:\/\/alado.com.pe\/james-berckemeyer\/","url":"https:\/\/alado.com.pe\/james-berckemeyer\/","name":"\u00bfQui\u00e9n es James Berckemeyer? Chef y Creador de Alado","isPartOf":{"@id":"https:\/\/alado.com.pe\/#website"},"datePublished":"2025-02-11T16:16:45+00:00","dateModified":"2025-02-23T19:04:37+00:00","description":"Descubre la trayectoria de James Berckemeyer, chef, empresario y creador de Alado. M\u00e1s de 20 a\u00f1os de experiencia en gastronom\u00eda y cocteler\u00eda contempor\u00e1nea.","breadcrumb":{"@id":"https:\/\/alado.com.pe\/james-berckemeyer\/#breadcrumb"},"inLanguage":"en-US","potentialAction":[{"@type":"ReadAction","target":["https:\/\/alado.com.pe\/james-berckemeyer\/"]}]},{"@type":"BreadcrumbList","@id":"https:\/\/alado.com.pe\/james-berckemeyer\/#breadcrumb","itemListElement":[{"@type":"ListItem","position":1,"name":"Portada","item":"https:\/\/alado.com.pe\/"},{"@type":"ListItem","position":2,"name":"James Berckemeyer"}]},{"@type":"WebSite","@id":"https:\/\/alado.com.pe\/#website","url":"https:\/\/alado.com.pe\/","name":"Alado - Restaurante y Bar","description":"Alado es un restaurante que ofrece una variedad de entradas, fondos, postres y bebidas inspiradas en la gastronom\u00eda peruana y mundial. Disfruta de la calidad, el sabor y la presentaci\u00f3n de sus platos en un ambiente acogedor y elegante.","potentialAction":[{"@type":"SearchAction","target":{"@type":"EntryPoint","urlTemplate":"https:\/\/alado.com.pe\/?s={search_term_string}"},"query-input":{"@type":"PropertyValueSpecification","valueRequired":true,"valueName":"search_term_string"}}],"inLanguage":"en-US"}]}},"_links":{"self":[{"href":"https:\/\/alado.com.pe\/en\/wp-json\/wp\/v2\/pages\/386","targetHints":{"allow":["GET"]}}],"collection":[{"href":"https:\/\/alado.com.pe\/en\/wp-json\/wp\/v2\/pages"}],"about":[{"href":"https:\/\/alado.com.pe\/en\/wp-json\/wp\/v2\/types\/page"}],"author":[{"embeddable":true,"href":"https:\/\/alado.com.pe\/en\/wp-json\/wp\/v2\/users\/1"}],"replies":[{"embeddable":true,"href":"https:\/\/alado.com.pe\/en\/wp-json\/wp\/v2\/comments?post=386"}],"version-history":[{"count":45,"href":"https:\/\/alado.com.pe\/en\/wp-json\/wp\/v2\/pages\/386\/revisions"}],"predecessor-version":[{"id":797,"href":"https:\/\/alado.com.pe\/en\/wp-json\/wp\/v2\/pages\/386\/revisions\/797"}],"wp:attachment":[{"href":"https:\/\/alado.com.pe\/en\/wp-json\/wp\/v2\/media?parent=386"}],"curies":[{"name":"wp","href":"https:\/\/api.w.org\/{rel}","templated":true}]}}