{"id":396,"date":"2025-02-11T16:22:35","date_gmt":"2025-02-11T16:22:35","guid":{"rendered":"https:\/\/alado.com.pe\/?page_id=396"},"modified":"2025-02-23T19:25:30","modified_gmt":"2025-02-23T19:25:30","slug":"prensa","status":"publish","type":"page","link":"https:\/\/alado.com.pe\/en\/prensa\/","title":{"rendered":"Press"},"content":{"rendered":"","protected":false},"excerpt":{"rendered":"","protected":false},"author":1,"featured_media":0,"parent":0,"menu_order":0,"comment_status":"closed","ping_status":"closed","template":"","meta":[],"class_list":["post-396","page","type-page","status-publish","hentry"],"yoast_head":"<!-- This site is optimized with the Yoast SEO plugin v26.9 - https:\/\/yoast.com\/product\/yoast-seo-wordpress\/ -->\n<title>Alado en la Prensa - Rese\u00f1as y Opiniones en Medios<\/title>\n<meta name=\"description\" content=\"Descubre lo que dicen los medios sobre Alado. Rese\u00f1as en El Comercio, COSAS y Sommelier sobre nuestra propuesta gastron\u00f3mica y cocteler\u00eda.\" \/>\n<meta name=\"robots\" content=\"index, follow, max-snippet:-1, max-image-preview:large, max-video-preview:-1\" \/>\n<link rel=\"canonical\" href=\"https:\/\/alado.com.pe\/en\/prensa\/\" \/>\n<meta property=\"og:locale\" content=\"en_US\" \/>\n<meta property=\"og:type\" content=\"article\" \/>\n<meta property=\"og:title\" content=\"Alado en la Prensa - Opiniones y Rese\u00f1as en Medios\" \/>\n<meta property=\"og:description\" content=\"Explora lo que dicen los principales medios sobre Alado. Rese\u00f1as en El Comercio, COSAS y Sommelier destacan nuestra gastronom\u00eda y cocteler\u00eda.\" \/>\n<meta property=\"og:url\" content=\"https:\/\/alado.com.pe\/en\/prensa\/\" \/>\n<meta property=\"og:site_name\" content=\"Alado - Restaurante y Bar\" \/>\n<meta property=\"article:modified_time\" content=\"2025-02-23T19:25:30+00:00\" \/>\n<meta property=\"og:image\" content=\"https:\/\/alado.com.pe\/wp-content\/uploads\/2025\/02\/prensa-page-banner-v2.webp\" \/>\n\t<meta property=\"og:image:width\" content=\"1921\" \/>\n\t<meta property=\"og:image:height\" content=\"916\" \/>\n\t<meta property=\"og:image:type\" content=\"image\/webp\" \/>\n<meta name=\"twitter:card\" content=\"summary_large_image\" \/>\n<meta name=\"twitter:title\" content=\"Alado en la Prensa - Opiniones y Rese\u00f1as en Medios\" \/>\n<meta name=\"twitter:description\" content=\"Explora lo que dicen los principales medios sobre Alado. Rese\u00f1as en El Comercio, COSAS y Sommelier destacan nuestra gastronom\u00eda y cocteler\u00eda.\" \/>\n<meta name=\"twitter:image\" content=\"https:\/\/alado.com.pe\/wp-content\/uploads\/2025\/02\/prensa-page-banner-v2.webp\" \/>\n<meta name=\"twitter:label1\" content=\"Est. reading time\" \/>\n\t<meta name=\"twitter:data1\" content=\"2 minutes\" \/>\n<script type=\"application\/ld+json\" class=\"yoast-schema-graph\">{\"@context\":\"https:\/\/schema.org\",\"@graph\":[{\"@type\":\"WebPage\",\"@id\":\"https:\/\/alado.com.pe\/prensa\/\",\"url\":\"https:\/\/alado.com.pe\/prensa\/\",\"name\":\"Alado en la Prensa - Rese\u00f1as y Opiniones en Medios\",\"isPartOf\":{\"@id\":\"https:\/\/alado.com.pe\/#website\"},\"datePublished\":\"2025-02-11T16:22:35+00:00\",\"dateModified\":\"2025-02-23T19:25:30+00:00\",\"description\":\"Descubre lo que dicen los medios sobre Alado. Rese\u00f1as en El Comercio, COSAS y Sommelier sobre nuestra propuesta gastron\u00f3mica y cocteler\u00eda.\",\"breadcrumb\":{\"@id\":\"https:\/\/alado.com.pe\/prensa\/#breadcrumb\"},\"inLanguage\":\"en-US\",\"potentialAction\":[{\"@type\":\"ReadAction\",\"target\":[\"https:\/\/alado.com.pe\/prensa\/\"]}]},{\"@type\":\"BreadcrumbList\",\"@id\":\"https:\/\/alado.com.pe\/prensa\/#breadcrumb\",\"itemListElement\":[{\"@type\":\"ListItem\",\"position\":1,\"name\":\"Portada\",\"item\":\"https:\/\/alado.com.pe\/\"},{\"@type\":\"ListItem\",\"position\":2,\"name\":\"Prensa\"}]},{\"@type\":\"WebSite\",\"@id\":\"https:\/\/alado.com.pe\/#website\",\"url\":\"https:\/\/alado.com.pe\/\",\"name\":\"Alado - Restaurante y Bar\",\"description\":\"Alado es un restaurante que ofrece una variedad de entradas, fondos, postres y bebidas inspiradas en la gastronom\u00eda peruana y mundial. Disfruta de la calidad, el sabor y la presentaci\u00f3n de sus platos en un ambiente acogedor y elegante.\",\"potentialAction\":[{\"@type\":\"SearchAction\",\"target\":{\"@type\":\"EntryPoint\",\"urlTemplate\":\"https:\/\/alado.com.pe\/?s={search_term_string}\"},\"query-input\":{\"@type\":\"PropertyValueSpecification\",\"valueRequired\":true,\"valueName\":\"search_term_string\"}}],\"inLanguage\":\"en-US\"}]}<\/script>\n<!-- \/ Yoast SEO plugin. -->","yoast_head_json":{"title":"Alado en la Prensa - Rese\u00f1as y Opiniones en Medios","description":"Descubre lo que dicen los medios sobre Alado. Rese\u00f1as en El Comercio, COSAS y Sommelier sobre nuestra propuesta gastron\u00f3mica y cocteler\u00eda.","robots":{"index":"index","follow":"follow","max-snippet":"max-snippet:-1","max-image-preview":"max-image-preview:large","max-video-preview":"max-video-preview:-1"},"canonical":"https:\/\/alado.com.pe\/en\/prensa\/","og_locale":"en_US","og_type":"article","og_title":"Alado en la Prensa - Opiniones y Rese\u00f1as en Medios","og_description":"Explora lo que dicen los principales medios sobre Alado. Rese\u00f1as en El Comercio, COSAS y Sommelier destacan nuestra gastronom\u00eda y cocteler\u00eda.","og_url":"https:\/\/alado.com.pe\/en\/prensa\/","og_site_name":"Alado - Restaurante y Bar","article_modified_time":"2025-02-23T19:25:30+00:00","og_image":[{"width":1921,"height":916,"url":"https:\/\/alado.com.pe\/wp-content\/uploads\/2025\/02\/prensa-page-banner-v2.webp","type":"image\/webp"}],"twitter_card":"summary_large_image","twitter_title":"Alado en la Prensa - Opiniones y Rese\u00f1as en Medios","twitter_description":"Explora lo que dicen los principales medios sobre Alado. Rese\u00f1as en El Comercio, COSAS y Sommelier destacan nuestra gastronom\u00eda y cocteler\u00eda.","twitter_image":"https:\/\/alado.com.pe\/wp-content\/uploads\/2025\/02\/prensa-page-banner-v2.webp","twitter_misc":{"Est. reading time":"2 minutes"},"schema":{"@context":"https:\/\/schema.org","@graph":[{"@type":"WebPage","@id":"https:\/\/alado.com.pe\/prensa\/","url":"https:\/\/alado.com.pe\/prensa\/","name":"Alado en la Prensa - Rese\u00f1as y Opiniones en Medios","isPartOf":{"@id":"https:\/\/alado.com.pe\/#website"},"datePublished":"2025-02-11T16:22:35+00:00","dateModified":"2025-02-23T19:25:30+00:00","description":"Descubre lo que dicen los medios sobre Alado. Rese\u00f1as en El Comercio, COSAS y Sommelier sobre nuestra propuesta gastron\u00f3mica y cocteler\u00eda.","breadcrumb":{"@id":"https:\/\/alado.com.pe\/prensa\/#breadcrumb"},"inLanguage":"en-US","potentialAction":[{"@type":"ReadAction","target":["https:\/\/alado.com.pe\/prensa\/"]}]},{"@type":"BreadcrumbList","@id":"https:\/\/alado.com.pe\/prensa\/#breadcrumb","itemListElement":[{"@type":"ListItem","position":1,"name":"Portada","item":"https:\/\/alado.com.pe\/"},{"@type":"ListItem","position":2,"name":"Prensa"}]},{"@type":"WebSite","@id":"https:\/\/alado.com.pe\/#website","url":"https:\/\/alado.com.pe\/","name":"Alado - Restaurante y Bar","description":"Alado es un restaurante que ofrece una variedad de entradas, fondos, postres y bebidas inspiradas en la gastronom\u00eda peruana y mundial. Disfruta de la calidad, el sabor y la presentaci\u00f3n de sus platos en un ambiente acogedor y elegante.","potentialAction":[{"@type":"SearchAction","target":{"@type":"EntryPoint","urlTemplate":"https:\/\/alado.com.pe\/?s={search_term_string}"},"query-input":{"@type":"PropertyValueSpecification","valueRequired":true,"valueName":"search_term_string"}}],"inLanguage":"en-US"}]}},"_links":{"self":[{"href":"https:\/\/alado.com.pe\/en\/wp-json\/wp\/v2\/pages\/396","targetHints":{"allow":["GET"]}}],"collection":[{"href":"https:\/\/alado.com.pe\/en\/wp-json\/wp\/v2\/pages"}],"about":[{"href":"https:\/\/alado.com.pe\/en\/wp-json\/wp\/v2\/types\/page"}],"author":[{"embeddable":true,"href":"https:\/\/alado.com.pe\/en\/wp-json\/wp\/v2\/users\/1"}],"replies":[{"embeddable":true,"href":"https:\/\/alado.com.pe\/en\/wp-json\/wp\/v2\/comments?post=396"}],"version-history":[{"count":40,"href":"https:\/\/alado.com.pe\/en\/wp-json\/wp\/v2\/pages\/396\/revisions"}],"predecessor-version":[{"id":804,"href":"https:\/\/alado.com.pe\/en\/wp-json\/wp\/v2\/pages\/396\/revisions\/804"}],"wp:attachment":[{"href":"https:\/\/alado.com.pe\/en\/wp-json\/wp\/v2\/media?parent=396"}],"curies":[{"name":"wp","href":"https:\/\/api.w.org\/{rel}","templated":true}]}}