{"id":401,"date":"2025-02-11T16:24:35","date_gmt":"2025-02-11T16:24:35","guid":{"rendered":"https:\/\/alado.com.pe\/?page_id=401"},"modified":"2025-05-20T01:02:47","modified_gmt":"2025-05-20T01:02:47","slug":"reserva","status":"publish","type":"page","link":"https:\/\/alado.com.pe\/en\/reserva\/","title":{"rendered":"Bookings"},"content":{"rendered":"<p><a href=\"https:\/\/alado.com.pe\/?page_id=401&amp;bricks=run\">Editar con Bricks<\/a><\/p>","protected":false},"excerpt":{"rendered":"<p>Editar con Bricks<\/p>","protected":false},"author":1,"featured_media":0,"parent":0,"menu_order":0,"comment_status":"closed","ping_status":"closed","template":"","meta":[],"class_list":["post-401","page","type-page","status-publish","hentry"],"yoast_head":"<!-- This site is optimized with the Yoast SEO plugin v26.9 - https:\/\/yoast.com\/product\/yoast-seo-wordpress\/ -->\n<title>Reserva en Alado - Haz tu Reserva Online F\u00e1cilmente<\/title>\n<meta name=\"description\" content=\"Asegura tu mesa en Alado con nuestra reserva online. Tambi\u00e9n puedes reservar por tel\u00e9fono o email. Estacionamiento gratis en Plaza Vea Dasso.\" \/>\n<meta name=\"robots\" content=\"index, follow, max-snippet:-1, max-image-preview:large, max-video-preview:-1\" \/>\n<link rel=\"canonical\" href=\"https:\/\/alado.com.pe\/en\/reserva\/\" \/>\n<meta property=\"og:locale\" content=\"en_US\" \/>\n<meta property=\"og:type\" content=\"article\" \/>\n<meta property=\"og:title\" content=\"Reserva en Alado - Haz tu Reserva Online F\u00e1cilmente\" \/>\n<meta property=\"og:description\" content=\"Asegura tu mesa en Alado con nuestra reserva online. Tambi\u00e9n puedes reservar por tel\u00e9fono o email. Estacionamiento gratis en Plaza Vea Dasso.\" \/>\n<meta property=\"og:url\" content=\"https:\/\/alado.com.pe\/en\/reserva\/\" \/>\n<meta property=\"og:site_name\" content=\"Alado - Restaurante y Bar\" \/>\n<meta property=\"article:modified_time\" content=\"2025-05-20T01:02:47+00:00\" \/>\n<meta name=\"twitter:card\" content=\"summary_large_image\" \/>\n<meta name=\"twitter:label1\" content=\"Est. reading time\" \/>\n\t<meta name=\"twitter:data1\" content=\"1 minute\" \/>\n<script type=\"application\/ld+json\" class=\"yoast-schema-graph\">{\"@context\":\"https:\/\/schema.org\",\"@graph\":[{\"@type\":\"WebPage\",\"@id\":\"https:\/\/alado.com.pe\/reserva\/\",\"url\":\"https:\/\/alado.com.pe\/reserva\/\",\"name\":\"Reserva en Alado - Haz tu Reserva Online F\u00e1cilmente\",\"isPartOf\":{\"@id\":\"https:\/\/alado.com.pe\/#website\"},\"datePublished\":\"2025-02-11T16:24:35+00:00\",\"dateModified\":\"2025-05-20T01:02:47+00:00\",\"description\":\"Asegura tu mesa en Alado con nuestra reserva online. Tambi\u00e9n puedes reservar por tel\u00e9fono o email. Estacionamiento gratis en Plaza Vea Dasso.\",\"breadcrumb\":{\"@id\":\"https:\/\/alado.com.pe\/reserva\/#breadcrumb\"},\"inLanguage\":\"en-US\",\"potentialAction\":[{\"@type\":\"ReadAction\",\"target\":[\"https:\/\/alado.com.pe\/reserva\/\"]}]},{\"@type\":\"BreadcrumbList\",\"@id\":\"https:\/\/alado.com.pe\/reserva\/#breadcrumb\",\"itemListElement\":[{\"@type\":\"ListItem\",\"position\":1,\"name\":\"Portada\",\"item\":\"https:\/\/alado.com.pe\/\"},{\"@type\":\"ListItem\",\"position\":2,\"name\":\"Reserva\"}]},{\"@type\":\"WebSite\",\"@id\":\"https:\/\/alado.com.pe\/#website\",\"url\":\"https:\/\/alado.com.pe\/\",\"name\":\"Alado - Restaurante y Bar\",\"description\":\"Alado es un restaurante que ofrece una variedad de entradas, fondos, postres y bebidas inspiradas en la gastronom\u00eda peruana y mundial. Disfruta de la calidad, el sabor y la presentaci\u00f3n de sus platos en un ambiente acogedor y elegante.\",\"potentialAction\":[{\"@type\":\"SearchAction\",\"target\":{\"@type\":\"EntryPoint\",\"urlTemplate\":\"https:\/\/alado.com.pe\/?s={search_term_string}\"},\"query-input\":{\"@type\":\"PropertyValueSpecification\",\"valueRequired\":true,\"valueName\":\"search_term_string\"}}],\"inLanguage\":\"en-US\"}]}<\/script>\n<!-- \/ Yoast SEO plugin. -->","yoast_head_json":{"title":"Reserva en Alado - Haz tu Reserva Online F\u00e1cilmente","description":"Asegura tu mesa en Alado con nuestra reserva online. Tambi\u00e9n puedes reservar por tel\u00e9fono o email. Estacionamiento gratis en Plaza Vea Dasso.","robots":{"index":"index","follow":"follow","max-snippet":"max-snippet:-1","max-image-preview":"max-image-preview:large","max-video-preview":"max-video-preview:-1"},"canonical":"https:\/\/alado.com.pe\/en\/reserva\/","og_locale":"en_US","og_type":"article","og_title":"Reserva en Alado - Haz tu Reserva Online F\u00e1cilmente","og_description":"Asegura tu mesa en Alado con nuestra reserva online. Tambi\u00e9n puedes reservar por tel\u00e9fono o email. Estacionamiento gratis en Plaza Vea Dasso.","og_url":"https:\/\/alado.com.pe\/en\/reserva\/","og_site_name":"Alado - Restaurante y Bar","article_modified_time":"2025-05-20T01:02:47+00:00","twitter_card":"summary_large_image","twitter_misc":{"Est. reading time":"1 minute"},"schema":{"@context":"https:\/\/schema.org","@graph":[{"@type":"WebPage","@id":"https:\/\/alado.com.pe\/reserva\/","url":"https:\/\/alado.com.pe\/reserva\/","name":"Reserva en Alado - Haz tu Reserva Online F\u00e1cilmente","isPartOf":{"@id":"https:\/\/alado.com.pe\/#website"},"datePublished":"2025-02-11T16:24:35+00:00","dateModified":"2025-05-20T01:02:47+00:00","description":"Asegura tu mesa en Alado con nuestra reserva online. Tambi\u00e9n puedes reservar por tel\u00e9fono o email. Estacionamiento gratis en Plaza Vea Dasso.","breadcrumb":{"@id":"https:\/\/alado.com.pe\/reserva\/#breadcrumb"},"inLanguage":"en-US","potentialAction":[{"@type":"ReadAction","target":["https:\/\/alado.com.pe\/reserva\/"]}]},{"@type":"BreadcrumbList","@id":"https:\/\/alado.com.pe\/reserva\/#breadcrumb","itemListElement":[{"@type":"ListItem","position":1,"name":"Portada","item":"https:\/\/alado.com.pe\/"},{"@type":"ListItem","position":2,"name":"Reserva"}]},{"@type":"WebSite","@id":"https:\/\/alado.com.pe\/#website","url":"https:\/\/alado.com.pe\/","name":"Alado - Restaurante y Bar","description":"Alado es un restaurante que ofrece una variedad de entradas, fondos, postres y bebidas inspiradas en la gastronom\u00eda peruana y mundial. Disfruta de la calidad, el sabor y la presentaci\u00f3n de sus platos en un ambiente acogedor y elegante.","potentialAction":[{"@type":"SearchAction","target":{"@type":"EntryPoint","urlTemplate":"https:\/\/alado.com.pe\/?s={search_term_string}"},"query-input":{"@type":"PropertyValueSpecification","valueRequired":true,"valueName":"search_term_string"}}],"inLanguage":"en-US"}]}},"_links":{"self":[{"href":"https:\/\/alado.com.pe\/en\/wp-json\/wp\/v2\/pages\/401","targetHints":{"allow":["GET"]}}],"collection":[{"href":"https:\/\/alado.com.pe\/en\/wp-json\/wp\/v2\/pages"}],"about":[{"href":"https:\/\/alado.com.pe\/en\/wp-json\/wp\/v2\/types\/page"}],"author":[{"embeddable":true,"href":"https:\/\/alado.com.pe\/en\/wp-json\/wp\/v2\/users\/1"}],"replies":[{"embeddable":true,"href":"https:\/\/alado.com.pe\/en\/wp-json\/wp\/v2\/comments?post=401"}],"version-history":[{"count":45,"href":"https:\/\/alado.com.pe\/en\/wp-json\/wp\/v2\/pages\/401\/revisions"}],"predecessor-version":[{"id":979,"href":"https:\/\/alado.com.pe\/en\/wp-json\/wp\/v2\/pages\/401\/revisions\/979"}],"wp:attachment":[{"href":"https:\/\/alado.com.pe\/en\/wp-json\/wp\/v2\/media?parent=401"}],"curies":[{"name":"wp","href":"https:\/\/api.w.org\/{rel}","templated":true}]}}